{"id":2556,"date":"2017-11-02T10:15:50","date_gmt":"2017-11-02T10:15:50","guid":{"rendered":"http:\/\/spektrum.irankultur.com\/?page_id=2556"},"modified":"2018-09-05T11:35:24","modified_gmt":"2018-09-05T11:35:24","slug":"authors-guide","status":"publish","type":"page","link":"http:\/\/spektrum.irankultur.com\/?page_id=2556","title":{"rendered":"Authors Guide"},"content":{"rendered":"<p><strong>Spektrum Iran Guidelines for authors <\/strong><\/p>\n<p>&nbsp;<\/p>\n<p><strong>Submission of papers <\/strong><\/p>\n<p>The editorial board requests authors to submit contributions to the Spektrum Iran in digitized form (required format: Word, preferably also as PDF file). Formatting should be restricted to the minimum. Unicode should be used as standard for encoding texts with diacritics or non-Latin script systems. Articles (including bibliography and abstract) must not exceed the maximum length of 6000 words, reviews 2000 words (in each case including footnotes and spaces!). Reviews deal with one title only. An English abstract and keywords must proceed each article. Transcription Arabic and Persian scripts must adopt the \u201cDMG-Umschrift\u201d.<\/p>\n<p>&nbsp;<\/p>\n<p><strong>Formatting <\/strong><\/p>\n<p>The titles of the books and articles should be in <em>italics<\/em>, and the emphases should be formatted in <em>italics <\/em>as well, but used sparingly. Bibliography and modes of citation Bibliographical data should be cited as in the following examples:<\/p>\n<p>\u2013 Monographs:<\/p>\n<p>Hermann, G. Persische Urkunden der Mongolenzeit: Text und Bildteil, Wiesbaden: Harrassowitz, 2004<\/p>\n<p>\u2013 Contributions to Collective Volumes:<\/p>\n<p>R\u00f6hrborn, K. \u201eZum manich\u00e4ischen Einflu\u00df im altt\u00fcrkischen Buddhismus\u201c, In: Emmerick, R. E. u. a. (Hrsg.), Studia Manichaica. IV. Internationaler Kongre\u00df zum Manich\u00e4ismus, Berlin, 14.\u201318. Juli 1997. Berlin: 2000 (Berichte und Abhandlungen, hrsg. von der BerlinBrandenburgischen Akademie der Wissenschaften. Sonderband 4), S. 494\u2013499<\/p>\n<p>\u2013 Articles in journals:<\/p>\n<p>Gaube, H. \u201eDie Traditionelle Wasserversorgung von Kashan\u201d, Spektrum Iran Nr. 1, 2018, S. 1-17<\/p>\n<p>Publications of one author in the same year should be distinguished by adding small letters to the year of publication, to be cited as 2018 a, 2018 b etc.<\/p>\n<p>For articles which are shorter than 6000 words, full references should be cited in the footnotes, and bibliography is not needed at the end of the paper. But for lengthy articles, references come shortly in footnotes (for instance: Gaube 2018, p. 15), and a bibliography at the end of the paper is required.<\/p>\n<p>&nbsp;<\/p>\n<p><strong>The Arabic-Persian Alphabet (Unicode): DMG Transcription<\/strong><\/p>\n<p style=\"text-align: center;\"><a href=\"http:\/\/spektrum.irankultur.com\/wp-content\/uploads\/2017\/11\/Das-arabisch-persische-Alphabet1.jpg\"><img loading=\"lazy\" decoding=\"async\" class=\"alignnone wp-image-2967\" src=\"http:\/\/spektrum.irankultur.com\/wp-content\/uploads\/2017\/11\/Das-arabisch-persische-Alphabet1.jpg\" alt=\"Das arabisch-persische Alphabet\" width=\"470\" height=\"642\" srcset=\"http:\/\/spektrum.irankultur.com\/wp-content\/uploads\/2017\/11\/Das-arabisch-persische-Alphabet1.jpg 656w, http:\/\/spektrum.irankultur.com\/wp-content\/uploads\/2017\/11\/Das-arabisch-persische-Alphabet1-219x300.jpg 219w\" sizes=\"auto, (max-width: 470px) 100vw, 470px\" \/><\/a><\/p>\n<p style=\"text-align: center;\"><a href=\"http:\/\/spektrum.irankultur.com\/wp-content\/uploads\/2017\/11\/Das-arabisch-persische-Alphabet21.jpg\"><img loading=\"lazy\" decoding=\"async\" class=\"alignnone wp-image-2968\" src=\"http:\/\/spektrum.irankultur.com\/wp-content\/uploads\/2017\/11\/Das-arabisch-persische-Alphabet21.jpg\" alt=\"Das arabisch-persische Alphabet2\" width=\"471\" height=\"315\" srcset=\"http:\/\/spektrum.irankultur.com\/wp-content\/uploads\/2017\/11\/Das-arabisch-persische-Alphabet21.jpg 659w, http:\/\/spektrum.irankultur.com\/wp-content\/uploads\/2017\/11\/Das-arabisch-persische-Alphabet21-300x200.jpg 300w\" sizes=\"auto, (max-width: 471px) 100vw, 471px\" \/><\/a><\/p>\n<p>Date: June 2018<\/p>\n","protected":false},"excerpt":{"rendered":"<p>Spektrum Iran Guidelines for authors &nbsp; Submission of papers The editorial board requests authors to submit contributions to the Spektrum Iran in digitized form (required format: Word, preferably also as PDF file). Formatting should be restricted to the minimum. Unicode should be used as standard for encoding texts with diacritics or non-Latin script systems. Articles [&hellip;]<\/p>\n","protected":false},"author":3,"featured_media":0,"parent":0,"menu_order":0,"comment_status":"closed","ping_status":"closed","template":"","meta":{"footnotes":""},"class_list":["post-2556","page","type-page","status-publish","hentry"],"_links":{"self":[{"href":"http:\/\/spektrum.irankultur.com\/index.php?rest_route=\/wp\/v2\/pages\/2556","targetHints":{"allow":["GET"]}}],"collection":[{"href":"http:\/\/spektrum.irankultur.com\/index.php?rest_route=\/wp\/v2\/pages"}],"about":[{"href":"http:\/\/spektrum.irankultur.com\/index.php?rest_route=\/wp\/v2\/types\/page"}],"author":[{"embeddable":true,"href":"http:\/\/spektrum.irankultur.com\/index.php?rest_route=\/wp\/v2\/users\/3"}],"replies":[{"embeddable":true,"href":"http:\/\/spektrum.irankultur.com\/index.php?rest_route=%2Fwp%2Fv2%2Fcomments&post=2556"}],"version-history":[{"count":5,"href":"http:\/\/spektrum.irankultur.com\/index.php?rest_route=\/wp\/v2\/pages\/2556\/revisions"}],"predecessor-version":[{"id":2970,"href":"http:\/\/spektrum.irankultur.com\/index.php?rest_route=\/wp\/v2\/pages\/2556\/revisions\/2970"}],"wp:attachment":[{"href":"http:\/\/spektrum.irankultur.com\/index.php?rest_route=%2Fwp%2Fv2%2Fmedia&parent=2556"}],"curies":[{"name":"wp","href":"https:\/\/api.w.org\/{rel}","templated":true}]}}