{"id":1672,"date":"2015-12-01T09:54:41","date_gmt":"2015-12-01T09:54:41","guid":{"rendered":"http:\/\/spektrum.irankultur.com\/?page_id=1672"},"modified":"2024-01-29T13:08:39","modified_gmt":"2024-01-29T13:08:39","slug":"%d8%af%d8%b1%d8%a8%d8%a7%d8%b1%d9%87-%d9%85%d8%a7","status":"publish","type":"page","link":"http:\/\/spektrum.irankultur.com\/?page_id=1672","title":{"rendered":"\u0627\u0639\u0636\u0627\u06cc \u0647\u06cc\u0626\u062a \u062a\u062d\u0631\u06cc\u0631\u06cc\u0647"},"content":{"rendered":"<p>Herausgeber<\/p>\n<p>Kulturabteilung der Botschaft der Islamischen Republik Iran in Berlin<br \/>\nDrakestr. 3, 12205 Berlin<br \/>\nTel.: 030\/740 715 400, Fax: 030\/740 715 419<br \/>\nE-mail: <a href=\"mailto:info@irankultur.com\">info@irankultur.com<\/a><br \/>\nwww.irankultur.com<\/p>\n<p>Gesch\u00e4ftsf\u00fchrung<br \/>\n<strong>Kulturabteilung der Botschaft der Islamischen Republik Iran in Berlin<\/strong><\/p>\n<p>Schriftleitung<br \/>\n<strong>Dr. Younes Nourbakhsh<\/strong><\/p>\n<p><strong>Wissenschaftlicher Beirat<br \/>\nProf. Jale Amouzgar Yegane<br \/>\n<\/strong>Professorin f\u00fcr alte Kulturen und Sprachen, Universit\u00e4t Teheran; Professor of Ancient Cultures and Languages, University of Tehran,<br \/>\nE-mail: lit_ad@ut.ac.ir, <a href=\"https:\/\/ut.ac.ir\/fa\/page\/3565\/\">https:\/\/ut.ac.ir\/fa\/page\/3565\/<\/a><\/p>\n<p><strong>Prof. Em. Dr. Hans-Georg Ebert<br \/>\n<\/strong>Professor a.D. Universit\u00e4t Leipzig; Professor Emeritus, University Leipzig,<br \/>\nE-mail: hgebert@uni-leipzig.de,<br \/>\n<a href=\"https:\/\/www.gkr.uni-leipzig.de\/index.php?id=13465\">https:\/\/www.gkr.uni-leipzig.de\/index.php?id=13465<\/a><\/p>\n<p><strong>Prof. Dr. J\u00fcrgen Wasim Frembgen<br \/>\n<\/strong>Professor a.D. Universit\u00e4t M\u00fcnchen;<br \/>\nProfessor Emeritus, Ludwig-Maximilians-University Munich, E-mail: jsfrembgen@t-online.de,<br \/>\n<a href=\"https:\/\/www.naher-osten.uni-muenchen.de\/personen\/ehemalige\/frembgen\/index.html\">https:\/\/www.naher-osten.uni-muenchen.de\/personen\/ehemalige\/frembgen\/index.html<\/a><\/p>\n<p><strong>Prof. Ahmadali Heydari<br \/>\n<\/strong>Professor f\u00fcr Philosophie, Allameh Tabatabai Universit\u00e4t;<br \/>\nProfessor of Philosophy, Allameh Tabatabai University, E-mail: <a href=\"mailto:aah1342@yahoo.de\">aah1342@yahoo.de<\/a>, <a href=\"https:\/\/aris.atu.ac.ir\/aaheydari\">https:\/\/aris.atu.ac.ir\/aaheydari<\/a><\/p>\n<p><strong>Prof. Dr. Birgitt Hoffmann<br \/>\n<\/strong>Professor a.D. Universit\u00e4t Bamberg; Professor Emeritus, University Bamberg, E-mail: birgitt.hoffmann@uni-bamberg.de,<br \/>\n<a href=\"https:\/\/www.uni-bamberg.de\/iranistik\/team\/emeriti\/prof-dr-birgitt-hoffmann\/\">https:\/\/www.uni-bamberg.de\/iranistik\/team\/emeriti\/prof-dr-birgitt-hoffmann\/<\/a><\/p>\n<p><strong>Prof. Mahmoud Jaafari-Dehaghi<br \/>\n<\/strong>Professor f\u00fcr alte Kulturen und Sprachen, Universit\u00e4t Teheran; Professor of Ancient Cultures and Languages, University of Tehran,<br \/>\nE-mail: mdehaghi@atu.ac.ir, <a href=\"https:\/\/rtis2.ut.ac.ir\/cv\/mdehaghi\/?lang=fa-ir\">https:\/\/rtis2.ut.ac.ir\/cv\/mdehaghi\/?lang=fa-ir<\/a><\/p>\n<p><strong>Prof. Dr. Roland Pietsch<br \/>\n<\/strong>Professor a.D. Ludwig-Maximilians-Universit\u00e4t M\u00fcnchen;<br \/>\nProfessor Emeritus, Ludwig-Maximilians-University Munich,<br \/>\nE-mail: roland.pietsch@t-online.de, <a href=\"https:\/\/www.sudetendeutsche-akademie.eu\/GW\/PietschR.php\">https:\/\/www.sudetendeutsche-akademie.eu\/GW\/PietschR.php<\/a><\/p>\n<p><strong>Prof. Dr. Jens Scheiner<br \/>\n<\/strong>Professor f\u00fcr Islamwissenschaft, Universit\u00e4t G\u00f6ttingen;<br \/>\nProfessor of Islamic Studies, University G\u00f6ttingen, E-mail: jschein@uni-goettingen.de,<br \/>\n<a href=\"https:\/\/www.uni-goettingen.de\/de\/639554.html\">https:\/\/www.uni-goettingen.de\/de\/639554.html<\/a><\/p>\n<p><strong>Dr. Seyed Mohammadreza Hosseini Beheshti<br \/>\n<\/strong>Associate Professor f\u00fcr Philosophie,<br \/>\nUniversit\u00e4t Teheran; Associate Professor of Philosophy, University Tehran,<br \/>\nE-mail: mrbeheshti@ut.ac.ir, <a href=\"https:\/\/rtis2.ut.ac.ir\/cv\/mrbeheshti\/?lang=fa-ir\">https:\/\/rtis2.ut.ac.ir\/cv\/mrbeheshti\/?lang=fa-ir<\/a><\/p>\n<p><strong>Dr. Seyed Saied Firuzabadi<br \/>\n<\/strong>Associate Professor f\u00fcr deutsche Sprache und Literatur,<br \/>\nIslamische Azad-Universit\u00e4t Teheran; Associate Professor for German Language and Literature, Islamic Azad University of Tehran, E-mail: sae.firoozabadi@iauctb.ac.ir,<br \/>\n<a href=\"https:\/\/ctb.iau.ir\/faculty\/s-firoozabadi-germany\/fa\">https:\/\/ctb.iau.ir\/faculty\/s-firoozabadi-germany\/fa<\/a><\/p>\n<p><strong>Dr. Younes Nourbakhsh<br \/>\n<\/strong>Associate Professor f\u00fcr Religions- und Kultursoziologie<br \/>\nUniversit\u00e4t Teheran; Associate Professor for Sociology of Religion and Culture University of Tehran,<br \/>\nE-mail: ynourbakhsh@ut.ac.ir, <a href=\"https:\/\/profile.ut.ac.ir\/fa\/~ynourbakhsh\/publications\">https:\/\/profile.ut.ac.ir\/fa\/~ynourbakhsh\/publications<\/a><\/p>\n","protected":false},"excerpt":{"rendered":"<p>Herausgeber Kulturabteilung der Botschaft der Islamischen Republik Iran in Berlin Drakestr. 3, 12205 Berlin Tel.: 030\/740 715 400, Fax: 030\/740 715 419 E-mail: info@irankultur.com www.irankultur.com Gesch\u00e4ftsf\u00fchrung Kulturabteilung der Botschaft der Islamischen Republik Iran in Berlin Schriftleitung Dr. Younes Nourbakhsh Wissenschaftlicher Beirat Prof. Jale Amouzgar Yegane Professorin f\u00fcr alte Kulturen und Sprachen, Universit\u00e4t Teheran; Professor of [&hellip;]<\/p>\n","protected":false},"author":3,"featured_media":0,"parent":0,"menu_order":0,"comment_status":"closed","ping_status":"closed","template":"","meta":{"footnotes":""},"class_list":["post-1672","page","type-page","status-publish","hentry"],"_links":{"self":[{"href":"http:\/\/spektrum.irankultur.com\/index.php?rest_route=\/wp\/v2\/pages\/1672","targetHints":{"allow":["GET"]}}],"collection":[{"href":"http:\/\/spektrum.irankultur.com\/index.php?rest_route=\/wp\/v2\/pages"}],"about":[{"href":"http:\/\/spektrum.irankultur.com\/index.php?rest_route=\/wp\/v2\/types\/page"}],"author":[{"embeddable":true,"href":"http:\/\/spektrum.irankultur.com\/index.php?rest_route=\/wp\/v2\/users\/3"}],"replies":[{"embeddable":true,"href":"http:\/\/spektrum.irankultur.com\/index.php?rest_route=%2Fwp%2Fv2%2Fcomments&post=1672"}],"version-history":[{"count":42,"href":"http:\/\/spektrum.irankultur.com\/index.php?rest_route=\/wp\/v2\/pages\/1672\/revisions"}],"predecessor-version":[{"id":3738,"href":"http:\/\/spektrum.irankultur.com\/index.php?rest_route=\/wp\/v2\/pages\/1672\/revisions\/3738"}],"wp:attachment":[{"href":"http:\/\/spektrum.irankultur.com\/index.php?rest_route=%2Fwp%2Fv2%2Fmedia&parent=1672"}],"curies":[{"name":"wp","href":"https:\/\/api.w.org\/{rel}","templated":true}]}}