{"id":1499,"date":"2015-09-16T12:47:34","date_gmt":"2015-09-16T12:47:34","guid":{"rendered":"http:\/\/spektrum.irankultur.com\/?page_id=1499"},"modified":"2019-11-05T09:26:16","modified_gmt":"2019-11-05T09:26:16","slug":"start","status":"publish","type":"page","link":"http:\/\/spektrum.irankultur.com\/?page_id=1499","title":{"rendered":"SPEKTRUM IRAN"},"content":{"rendered":"<ul>\n<li style=\"text-align: justify;\">SPEKTRUM IRAN ist eine \u203aZeitschrift f\u00fcr islamisch-iranische Kultur\u2039 und versteht sich als ein wissenschaftliches Forum zur F\u00f6rderung des Dialogs zwischen iranischer und deutscher Kultur. Die Pr\u00e4gung beider Kulturen kennt nicht nur Differenzen, sondern auch viele Gemeinsamkeiten und \u00dcberlappungen.<\/li>\n<\/ul>\n<ul>\n<li style=\"text-align: justify;\">SPEKTRUM IRAN legt einen Kulturbegriff zugrunde, der es erm\u00f6glicht, die Ber\u00fchrungen und wechselseitigen Befruchtungen beider Kulturen in Geschichte und Gegenwart darzustellen. Es stellt verschiedene Dimensio-nen und Facetten der islamisch-iranischen Kultur vor, um eine fundierte Grundlage f\u00fcr einen solchen offenen Dialog zu schaffen. Hierzu werden vernachl\u00e4ssigte Quellen herangezogen, um die Vielfalt philosophischer, religi\u00f6ser sowie wissenschaftlicher Zug\u00e4nge zur modernen Welt neu zu durchdenken.<\/li>\n<\/ul>\n<ul>\n<li style=\"text-align: justify;\">SPEKTRUM IRAN sieht sich verpflichtet, Grundpositionen und Perspekti-ven sowie Schl\u00fcsselfragen der Wissenschaft, Politik und Philosophie kri-tisch zu w\u00fcrdigen. Zur Darstellung kommen auch die Besonderheiten der Kunst und Architektur der iranischen Geschichte und Gegenwart.<\/li>\n<\/ul>\n<ul>\n<li style=\"text-align: justify;\">SPEKTRUM IRAN erscheint viermal j\u00e4hrlich und steht allen Interessierten zur Mitarbeit offen, die eine interkulturelle bzw. interreligi\u00f6se Verst\u00e4ndi-gung im Geiste wertsch\u00e4tzender Toleranz und Anerkennung suchen.<\/li>\n<li>SPEKTRUM IRAN folgt den Richtlinien von COPE (Committee on Publication Ethics).<\/li>\n<\/ul>\n","protected":false},"excerpt":{"rendered":"<p>SPEKTRUM IRAN ist eine \u203aZeitschrift f\u00fcr islamisch-iranische Kultur\u2039 und versteht sich als ein wissenschaftliches Forum zur F\u00f6rderung des Dialogs zwischen iranischer und deutscher Kultur. Die Pr\u00e4gung beider Kulturen kennt nicht nur Differenzen, sondern auch viele Gemeinsamkeiten und \u00dcberlappungen. SPEKTRUM IRAN legt einen Kulturbegriff zugrunde, der es erm\u00f6glicht, die Ber\u00fchrungen und wechselseitigen Befruchtungen beider Kulturen in [&hellip;]<\/p>\n","protected":false},"author":3,"featured_media":0,"parent":0,"menu_order":0,"comment_status":"closed","ping_status":"closed","template":"","meta":{"footnotes":""},"class_list":["post-1499","page","type-page","status-publish","hentry"],"_links":{"self":[{"href":"http:\/\/spektrum.irankultur.com\/index.php?rest_route=\/wp\/v2\/pages\/1499","targetHints":{"allow":["GET"]}}],"collection":[{"href":"http:\/\/spektrum.irankultur.com\/index.php?rest_route=\/wp\/v2\/pages"}],"about":[{"href":"http:\/\/spektrum.irankultur.com\/index.php?rest_route=\/wp\/v2\/types\/page"}],"author":[{"embeddable":true,"href":"http:\/\/spektrum.irankultur.com\/index.php?rest_route=\/wp\/v2\/users\/3"}],"replies":[{"embeddable":true,"href":"http:\/\/spektrum.irankultur.com\/index.php?rest_route=%2Fwp%2Fv2%2Fcomments&post=1499"}],"version-history":[{"count":9,"href":"http:\/\/spektrum.irankultur.com\/index.php?rest_route=\/wp\/v2\/pages\/1499\/revisions"}],"predecessor-version":[{"id":3271,"href":"http:\/\/spektrum.irankultur.com\/index.php?rest_route=\/wp\/v2\/pages\/1499\/revisions\/3271"}],"wp:attachment":[{"href":"http:\/\/spektrum.irankultur.com\/index.php?rest_route=%2Fwp%2Fv2%2Fmedia&parent=1499"}],"curies":[{"name":"wp","href":"https:\/\/api.w.org\/{rel}","templated":true}]}}